{"id":330,"date":"2014-10-11T15:55:10","date_gmt":"2014-10-11T13:55:10","guid":{"rendered":"http:\/\/www.beatriceanlauff.com\/?page_id=330"},"modified":"2023-05-15T18:52:26","modified_gmt":"2023-05-15T16:52:26","slug":"aus-alt-mach-neu","status":"publish","type":"page","link":"http:\/\/www.beatriceanlauff.com\/?page_id=330","title":{"rendered":"Aus Alt mach Neu"},"content":{"rendered":"<p><strong><img loading=\"lazy\" decoding=\"async\" class=\"alignright wp-image-427\" src=\"http:\/\/www.beatriceanlauff.com\/wp-content\/uploads\/2014\/10\/Fraktali_upcycling_EZ0I8496_web-1024x682.jpg\" alt=\"Fraktali_Upcycling\" width=\"432\" height=\"348\"\/>Upcycling &#8211; Aus Alt mach Neu<\/strong><\/p>\n<p>Haben Sie ein Lieblingsst\u00fcck, das zum Wegwerfen zu schade ist, sich zum Benutzen aber nicht mehr eignet?<\/p>\n<p>Oder haben Sie einfach Lust, aus Altem etwas Neues zu machen?<\/p>\n<p>Die L\u00f6sung hei\u00dft&nbsp;Upcycling &#8211; das&nbsp;Umwandeln und Umfunktionieren von Gebrauchsgegenst\u00e4nden. Die M\u00f6glichkeiten sind grenzenlos.<\/p>\n<p><em><strong>Upcycling-Workshop<\/strong><\/em><\/p>\n<ul>\n<li>In einem Vorgespr\u00e4ch kl\u00e4ren wir, welches gute St\u00fcck Sie zu neuem Leben erwecken wollen und welche Materialien Sie dazu mitbringen sollten.<\/li>\n<li>Im VerwandlungsAtelier finden Sie ausreichend Platz und fachkundige Anleitung f\u00fcr die Umsetzung Ihres Projektes. Auch Standardwerkzeuge stehen zur Verf\u00fcgung.<\/li>\n<li>Falls Sie noch keine Idee haben, k\u00f6nnen Sie den Workshop auch nutzen, um Ihre Kreativit\u00e4t anzuregen&nbsp;und Neues zu entdecken.<\/li>\n<\/ul>\n<p>&nbsp;<\/p>\n<p><strong>Bei Interesse am Workshop bitte eine Anfrage per Kontaktformular schicken. &nbsp;<\/strong><\/p>\n<p>&nbsp;<\/p>\n<p>&nbsp;<\/p>\n<div><\/div>\n<p>&nbsp;<\/p>\n","protected":false},"excerpt":{"rendered":"<p>Upcycling &#8211; Aus Alt mach Neu Haben Sie ein Lieblingsst\u00fcck, das zum Wegwerfen zu schade ist, sich zum Benutzen aber [&hellip;]<\/p>\n","protected":false},"author":1,"featured_media":0,"parent":23,"menu_order":1,"comment_status":"closed","ping_status":"closed","template":"","meta":{"footnotes":""},"_links":{"self":[{"href":"http:\/\/www.beatriceanlauff.com\/index.php?rest_route=\/wp\/v2\/pages\/330"}],"collection":[{"href":"http:\/\/www.beatriceanlauff.com\/index.php?rest_route=\/wp\/v2\/pages"}],"about":[{"href":"http:\/\/www.beatriceanlauff.com\/index.php?rest_route=\/wp\/v2\/types\/page"}],"author":[{"embeddable":true,"href":"http:\/\/www.beatriceanlauff.com\/index.php?rest_route=\/wp\/v2\/users\/1"}],"replies":[{"embeddable":true,"href":"http:\/\/www.beatriceanlauff.com\/index.php?rest_route=%2Fwp%2Fv2%2Fcomments&post=330"}],"version-history":[{"count":22,"href":"http:\/\/www.beatriceanlauff.com\/index.php?rest_route=\/wp\/v2\/pages\/330\/revisions"}],"predecessor-version":[{"id":515,"href":"http:\/\/www.beatriceanlauff.com\/index.php?rest_route=\/wp\/v2\/pages\/330\/revisions\/515"}],"up":[{"embeddable":true,"href":"http:\/\/www.beatriceanlauff.com\/index.php?rest_route=\/wp\/v2\/pages\/23"}],"wp:attachment":[{"href":"http:\/\/www.beatriceanlauff.com\/index.php?rest_route=%2Fwp%2Fv2%2Fmedia&parent=330"}],"curies":[{"name":"wp","href":"https:\/\/api.w.org\/{rel}","templated":true}]}}