{"id":333,"date":"2014-10-11T15:56:49","date_gmt":"2014-10-11T13:56:49","guid":{"rendered":"http:\/\/www.beatriceanlauff.com\/?page_id=333"},"modified":"2023-05-15T18:52:36","modified_gmt":"2023-05-15T16:52:36","slug":"bildhauerei","status":"publish","type":"page","link":"http:\/\/www.beatriceanlauff.com\/?page_id=333","title":{"rendered":"Bildhauerei"},"content":{"rendered":"<p><strong><img loading=\"lazy\" decoding=\"async\" class=\"alignright wp-image-430\" src=\"http:\/\/www.beatriceanlauff.com\/wp-content\/uploads\/2014\/10\/Fraktali_Specksteine_EZ0I8610_web-1024x682.jpg\" alt=\"Fraktali_Speckstein\" width=\"435\" height=\"350\"\/>Einf\u00fchrung in die Arbeit mit Speckstein<\/strong><\/p>\n<p>Speckstein ist ein faszinierendes Material, das sich schon nach einer kurzen Einf\u00fchrung gut bearbeiten l\u00e4sst. So sind Ihrer Kreativit\u00e4t keine Grenzen gesetzt, wenn Sie eine Skulptur oder einen Schmuckanh\u00e4nger gestalten.<\/p>\n<p><em><strong>Speckstein-Workshop<\/strong><\/em><\/p>\n<ul>\n<li>Sie erfahren Interessantes \u00fcber das Material Speckstein und lernen die Werkzeuge kennen, mit denen Speckstein bearbeitet wird.<\/li>\n<li>Ich erkl\u00e4re, wie die Werkzeuge eingesetzt werden und zeige Ihnen die ersten Arbeitsschritte.<\/li>\n<li>Anschlie\u00dfend unterst\u00fctze ich Sie bei der Umsetzung Ihrer gestalterischen Idee.<\/li>\n<li>Zum Schluss schleifen und polieren wir Ihr Kunstwerk.<\/li>\n<\/ul>\n<p>&nbsp;<\/p>\n<p>&nbsp;<\/p>\n<p><strong>Bei Interesse am Workshop bitte eine Anfrage per Kontaktformular schicken. &nbsp;<\/strong><\/p>\n<p>&nbsp;<\/p>\n<p>&nbsp;<\/p>\n<p>&nbsp;<\/p>\n<div><\/div>\n","protected":false},"excerpt":{"rendered":"<p>Einf\u00fchrung in die Arbeit mit Speckstein Speckstein ist ein faszinierendes Material, das sich schon nach einer kurzen Einf\u00fchrung gut bearbeiten [&hellip;]<\/p>\n","protected":false},"author":1,"featured_media":0,"parent":23,"menu_order":2,"comment_status":"closed","ping_status":"closed","template":"","meta":{"footnotes":""},"_links":{"self":[{"href":"http:\/\/www.beatriceanlauff.com\/index.php?rest_route=\/wp\/v2\/pages\/333"}],"collection":[{"href":"http:\/\/www.beatriceanlauff.com\/index.php?rest_route=\/wp\/v2\/pages"}],"about":[{"href":"http:\/\/www.beatriceanlauff.com\/index.php?rest_route=\/wp\/v2\/types\/page"}],"author":[{"embeddable":true,"href":"http:\/\/www.beatriceanlauff.com\/index.php?rest_route=\/wp\/v2\/users\/1"}],"replies":[{"embeddable":true,"href":"http:\/\/www.beatriceanlauff.com\/index.php?rest_route=%2Fwp%2Fv2%2Fcomments&post=333"}],"version-history":[{"count":24,"href":"http:\/\/www.beatriceanlauff.com\/index.php?rest_route=\/wp\/v2\/pages\/333\/revisions"}],"predecessor-version":[{"id":516,"href":"http:\/\/www.beatriceanlauff.com\/index.php?rest_route=\/wp\/v2\/pages\/333\/revisions\/516"}],"up":[{"embeddable":true,"href":"http:\/\/www.beatriceanlauff.com\/index.php?rest_route=\/wp\/v2\/pages\/23"}],"wp:attachment":[{"href":"http:\/\/www.beatriceanlauff.com\/index.php?rest_route=%2Fwp%2Fv2%2Fmedia&parent=333"}],"curies":[{"name":"wp","href":"https:\/\/api.w.org\/{rel}","templated":true}]}}